{"id":278,"date":"2023-04-12T13:34:49","date_gmt":"2023-04-12T11:34:49","guid":{"rendered":"https:\/\/marshallhealthy.com\/?page_id=278"},"modified":"2023-04-25T09:49:49","modified_gmt":"2023-04-25T07:49:49","slug":"politica-de-privacidad-2","status":"publish","type":"page","link":"https:\/\/marshallhealthy.com\/index.php\/politica-de-privacidad-2\/","title":{"rendered":"Pol\u00edtica de privacidad"},"content":{"rendered":"<p>[et_pb_section fb_built=\u00bb1&#8243; _builder_version=\u00bb4.4.7&#8243;][et_pb_row _builder_version=\u00bb4.4.7&#8243; custom_padding=\u00bb79px|||||\u00bb][et_pb_column type=\u00bb4_4&#8243; _builder_version=\u00bb4.4.7&#8243;][et_pb_text _builder_version=\u00bb4.4.7&#8243; hover_enabled=\u00bb0&#8243;]<\/p>\n<h1><strong>POL\u00cdTICA DE PRIVACITAT<\/strong><\/h1>\n<p>[\/et_pb_text][et_pb_text _builder_version=\u00bb4.4.7&#8243; hover_enabled=\u00bb0&#8243;]<\/p>\n<ol>\n<li>RESPONSABLE I DADES DE CONTACTE<\/li>\n<\/ol>\n<p style=\"font-weight: 400;\">D&#8217;acord amb el Reglament General (UE) sobre Protecci\u00f3 de Dades i la Llei Org\u00e0nica de Protecci\u00f3 de Dades i Garantia dels Drets Digitals actual, mitjan\u00e7ant l&#8217;acceptaci\u00f3 de la present Pol\u00edtica de Privacitat, se<span>\u00a0<\/span>l&#8217;informa<span>\u00a0que:<\/span><\/p>\n<ul>\n<li>El responsable del tractament \u00e9s Marshall<span><\/span><span>Healthy<\/span><span>\u00a0<\/span><span>Solutions<\/span><span>\u00a0amb CIF X i domicili social a X, inscrit en el Registre Mercantil X.<\/span><\/li>\n<li>Els Usuaris poden contactar amb Marshall<span><\/span><span>Healthy<\/span><span>\u00a0<\/span><span>Solutions<\/span><span>\u00a0per correu electr\u00f2nic, Marshall.roig@gmail.com, o tel\u00e8fon, 644678394.<\/span><\/li>\n<li>L&#8217;activitat social \u00e9s contractaci\u00f3 de serveis de fisioter\u00e0pia i entrenament personal.<\/li>\n<\/ul>\n<p>&nbsp;<\/p>\n<ol start=\"2\">\n<li>DADES PERSONALS<\/li>\n<\/ol>\n<p style=\"font-weight: 400;\">Una dada de car\u00e0cter personal seria qualsevol informaci\u00f3 relativa a una persona f\u00edsica que ens facilita quan visita marshallhealthy.com<span>\u00a0<\/span>o<span>\u00a0omple algun dels nostres formularis i q\u00fcestionaris. Les dades personals que es recullen en els formularis s\u00f3n objecte de tractament, \u00fanicament, per part del personal de Marshall\u00a0<\/span><span>Healthy<\/span><span>\u00a0<\/span><span>Solutions<\/span><span>\u00a0o dels encarregats del tractament aqu\u00ed establerts. Les dades personals que podem tractar dels nostres Usuaris s\u00f3n les seg\u00fcents:<\/span><\/p>\n<ul>\n<li>Nom i cognoms, data de naixement, sexe, nacionalitat, document d&#8217;identitat (DNI\/NIE\/Passaport);<\/li>\n<li>Adre\u00e7a postal, n\u00famero de m\u00f2bil i adre\u00e7a de correu electr\u00f2nic;<\/li>\n<li>Signatura i dades relacionades amb les formes de pagament (targetes de d\u00e8bit i cr\u00e8dit);<\/li>\n<li>Historial<span>de contractaci\u00f3 dels serveis;<\/span><\/li>\n<li>Valoracions i enquestes de satisfacci\u00f3;<\/li>\n<li>Informaci\u00f3 sobre el seu \u00fas i navegaci\u00f3 per la Web;<\/li>\n<li>Informaci\u00f3 t\u00e8cnica sobre el dispositiu des del qual s&#8217;accedeix a la Web;<\/li>\n<li>Qualsevol altra informaci\u00f3 que ens pugui facilitar en posar-se en contacte amb nosaltres per qualsevol via o canal.<\/li>\n<\/ul>\n<p style=\"font-weight: 400;\">En compliment del que disposa el Reglament Europeu 2016\/679 General de Protecci\u00f3 de Dades, se<span>\u00a0<\/span>l&#8217;informa<span>\u00a0que les dades personals seran tractades per les seg\u00fcents finalitats:<\/span><\/p>\n<ul>\n<li>Mantenir contactes comercials amb l&#8217;Usuari relatius als serveis i productes que es poden oferir, aix\u00ed com altres comunicacions legals.<\/li>\n<li>Marshall<span><\/span><span>Healthy<\/span><span>\u00a0<\/span><span>Solutions<\/span><span>\u00a0tracta les dades de car\u00e0cter personal de l&#8217;Usuari de manera confidencial, per tant, no se&#8217;n vendran ni llogaran. Podrem compartir informaci\u00f3 amb serveis de tercers autoritzats.<\/span><\/li>\n<li>Gestionar els nostres serveis, aix\u00ed com proporcionar un servei de missatgeria instant\u00e0nia i facilitar la comunicaci\u00f3 entre l&#8217;Usuari i Marshall<span><\/span><span>Healthy<\/span><span>\u00a0<\/span><span>Solutions<\/span>.<\/li>\n<li>Analitzar l&#8217;\u00fas dels serveis que oferim per poder millorar els serveis prestats.<\/li>\n<li>Detectar i evitar abusos i frau en l&#8217;\u00fas dels nostres serveis.<\/li>\n<\/ul>\n<p>&nbsp;<\/p>\n<ol start=\"3\">\n<li>TERMINI DE CONSERVACI\u00d3 DE LES DADES<\/li>\n<\/ol>\n<p style=\"font-weight: 400;\">En el cas que sigui un professional, les seves dades seran conservades mentre duri la relaci\u00f3 contractual i comercial amb Marshall<span>\u00a0<\/span><span>Healthy<\/span><span>\u00a0<\/span><span>Solutions<\/span>,<span>\u00a0<\/span>sol\u00b7liciti<span>\u00a0la seva supressi\u00f3 i mentre duri el temps necessari per poder complir amb les obligacions legals.<\/span><\/p>\n<p style=\"font-weight: 400;\">En el cas que sigui un client o usuari, les seves dades personals es conservaran el temps requerit per poder prestar el servei sol\u00b7licitat o contractat i el necessari per poder complir amb les obligacions legals. Sempre que no<span>\u00a0<\/span>se<span>\u00a0<\/span>sol\u00b7liciti<span>\u00a0la seva supressi\u00f3, el temps de conservaci\u00f3 variar\u00e0 en funci\u00f3 del servei que el client contracti. En qualsevol cas, ser\u00e0 el m\u00ednim necessari, podent mantenir-se fins a:<\/span><\/p>\n<ul>\n<li><span>4\u00a0<\/span><span>anys: Llei sobre Infraccions i Sancions en l&#8217;Ordre Social (obligacions en mat\u00e8ria d&#8217;afiliaci\u00f3, altes, baixes, cotitzaci\u00f3, pagament de salaris&#8230;); Arts. 66 i seg. Llei General Tribut\u00e0ria (llibres de comptabilitat&#8230;)<\/span><\/li>\n<li><span>5\u00a0<\/span><span>anys: Art. 1964 Codi Civil (accions personals sense termini especial)<\/span><\/li>\n<li><span>6\u00a0<\/span><span>anys: Art. 30 Codi de Comer\u00e7 (llibres de comptabilitat, factures&#8230;)<\/span><\/li>\n<li><span>10\u00a0<\/span><span>anys: Art. 25 Llei de Prevenci\u00f3 del Blanqueig de Capitals i Finan\u00e7ament del Terrorisme.<\/span><\/li>\n<\/ul>\n<p style=\"font-weight: 400;\">Els Usuaris de llistes de correu o de les p\u00e0gines i perfils en xarxes socials de Marshall<span>\u00a0<\/span><span>Healthy<\/span><span>\u00a0<\/span><span>Solutions<\/span><span>\u00a0es conservaran fins que l&#8217;usuari\u00a0<\/span>retiri<span>\u00a0el consentiment. Les dades desagregades seran conservades sense termini de supressi\u00f3.<\/span><\/p>\n<p style=\"font-weight: 400;\">En el cas que sigui un candidat a alguna oferta laboral i no sigui seleccionat, Marshall<span>\u00a0<\/span><span>Healthy<\/span><span>\u00a0<\/span><span>Solutions<\/span><span>\u00a0podr\u00e0 mantenir emmagatzemat la seva informaci\u00f3 curricular per un m\u00e0xim de dos anys per incorporar-lo a futures convocat\u00f2ries, sempre que no\u00a0<\/span>se<span>\u00a0<\/span>sol\u00b7liciti<span>\u00a0el contrari.<\/span><\/p>\n<p style=\"font-weight: 400;\"><span><\/span><\/p>\n<p style=\"font-weight: 400;\"><span><\/span><\/p>\n<ol start=\"4\">\n<li>MESURES DE SEGURETAT<\/li>\n<\/ol>\n<p style=\"font-weight: 400;\">Us informem que, seguint l&#8217;actual Reglament General de Protecci\u00f3 de Dades i la Llei Org\u00e0nica de Protecci\u00f3 de Dades i Garantia dels Drets Digitals, s&#8217;han implantat les mesures de seguretat necess\u00e0ries per garantir la seguretat de les seves dades de car\u00e0cter personal i evitar la seva p\u00e8rdua, mal \u00fas, alteraci\u00f3, acc\u00e9s no autoritzat i robatori de les dades que ens faciliteu.<\/p>\n<p style=\"font-weight: 400;\">A m\u00e9s, s&#8217;han establert mesures addicionals per refor\u00e7ar la confidencialitat i integritat de la informaci\u00f3 tractada. Es mant\u00e9<span>\u00a0<\/span>cont\u00ednuament<span>\u00a0la supervisi\u00f3, control i avaluaci\u00f3 dels processos per assegurar el respecte a la privacitat de les dades. Igualment, ens assegurem que els nostres prove\u00efdors de serveis tamb\u00e9 gaudeixen d&#8217;est\u00e0ndards de seguretat adequats per a la protecci\u00f3 de les dades de car\u00e0cter personal respecte de les quals tinguin o puguin arribar a tenir acc\u00e9s seguint la legislaci\u00f3 de protecci\u00f3 de dades aplicable vigent.<\/span><\/p>\n<p style=\"font-weight: 400;\"><span><\/span><\/p>\n<p style=\"font-weight: 400;\"><span><\/span><\/p>\n<p style=\"font-weight: 400;\"><span><\/span><\/p>\n<ol start=\"5\">\n<li>EXERCICI DE DRETS<\/li>\n<\/ol>\n<p style=\"font-weight: 400;\">De conformitat amb el Reglament General (UE) sobre Protecci\u00f3 de Dades i la Llei Org\u00e0nica de Protecci\u00f3 de Dades, tots els usuaris poden sol\u00b7licitar l&#8217;exercici dels seg\u00fcents drets:<\/p>\n<ul>\n<li>Dret d&#8217;acc\u00e9s a les seves dades personals.<\/li>\n<li>Dret de rectificaci\u00f3 de les dades personals que siguin incompletes o inexactes.<\/li>\n<li>Dret d&#8217;oposici\u00f3 en qualsevol moment<span><\/span>que<span>\u00a0Marshall\u00a0<\/span><span>Healthy<\/span><span>\u00a0<\/span><span>Solutions<\/span><span>\u00a0tracti les seves dades personals, anonimitzant-les o eliminant-les, llevat que per motius leg\u00edtims o per a l&#8217;exercici o la defensa de possibles reclamacions s&#8217;hagin de\u00a0<\/span>continuar<span>\u00a0<\/span><\/li>\n<li>Dret de supressi\u00f3 de les dades personals, sempre que es donin les degudes circumst\u00e0ncies previstes en la normativa vigent aplicable.<\/li>\n<li>Dret de portabilitat de dades.<\/li>\n<li>Dret a la limitaci\u00f3 en el tractament de les seves dades personals, sempre que es donin les degudes circumst\u00e0ncies previstes en la normativa vigent aplicable i \u00fanicament seran conservats per a l&#8217;exercici o defensa de reclamacions.<\/li>\n<\/ul>\n<p style=\"font-weight: 400;\">Per poder exercir els seus drets, els Usuaris poden enviar-nos la seva sol\u00b7licitud per correu electr\u00f2nic o postal a les adreces facilitades en l&#8217;apartat 1. Responsable i Dades de Contacte, indicant &#8216;PROTECCI\u00d3 DE DADES&#8217; i la seva informaci\u00f3, aix\u00ed com un document acreditatiu de la seva identitat (DNI, NIE, etc.).<\/p>\n<p style=\"font-weight: 400;\">Si un usuari considera que Marshall<span>\u00a0<\/span><span>Healthy<\/span><span>\u00a0<\/span><span>Solutions<\/span><span>\u00a0no est\u00e0 gestionant les seves dades personals correctament o no ha satisfet la seva sol\u00b7licitud de forma adequada, pot dirigir-se a l&#8217;Ag\u00e8ncia Espanyola de Protecci\u00f3 de Dades.<\/span><\/p>\n<p style=\"font-weight: 400;\"><span><\/span><\/p>\n<p style=\"font-weight: 400;\"><span><\/span><\/p>\n<p style=\"font-weight: 400;\"><span><\/span><\/p>\n<ol start=\"6\">\n<li>COMUNICACI\u00d3 I TRACTAMENT DE DADES<\/li>\n<\/ol>\n<p style=\"font-weight: 400;\">Marshall<span>\u00a0<\/span><span>Healthy<\/span><span>\u00a0<\/span><span>Solutions<\/span><span>\u00a0no comunicar\u00e0 a tercers les dades personals de cap Usuari, excepte el professional que l&#8217;assisteixi en el servei i les autoritats competents quan hi hagi una obligaci\u00f3 legal.<\/span><\/p>\n<p style=\"font-weight: 400;\">Com a encarregats de tractament aliens al responsable esmentat i amb car\u00e0cter merament informatiu, cal saber que:<\/p>\n<ul>\n<li>Utilitzem com a plataforma web a trav\u00e9s de la companyia<span><\/span><span>Automattic<\/span><span>\u00a0<\/span><span>Inc<\/span><span>\u00a0(Identificada per la marca comercial \u00ab<\/span><span>WordPress<\/span>\u00ab), una companyia dels Estats Units amb oficina principal a 60<span>\u00a0<\/span><span>29th<\/span>, San Francisco, CA 94110. Es pot consultar la pol\u00edtica de privacitat i altres aspectes legals d&#8217;aquesta companyia en el seg\u00fcent enlla\u00e7: <a href=\"https:\/\/automattic.com\/privacy\/\">https:\/\/automattic.com\/privacy\/<\/a><\/li>\n<li>Tamb\u00e9 fem servir serveis d&#8217;emmagatzematge en el n\u00favol amb la companyia Google<span><\/span><span>\u00a0(Identificada per la marca comercial \u00abGoogle Drive\u00bb) una companyia de Delaware amb oficina principal a 1600\u00a0<\/span><span>Amphitheatre<\/span><span>\u00a0<\/span><span>Parkway<\/span>, Mountain View (Calif\u00f2rnia), CA 94043, Estats Units (\u00abGoogle\u00bb). Per a m\u00e9s informaci\u00f3, podeu consultar la seva pol\u00edtica de privacitat en el seg\u00fcent enlla\u00e7: <a href=\"https:\/\/policies.google.com\/privacy?hl=es\">https:\/\/policies.google.com\/privacy?hl=es<\/a><\/li>\n<\/ul>\n<p style=\"font-weight: 400;\">A Marshall<span>\u00a0<\/span><span>Healthy<\/span><span>\u00a0<\/span><span>Solutions<\/span><span>\u00a0treballem amb prove\u00efdors els serveis dels quals s\u00f3n necessaris per a la correcta presentaci\u00f3 i usabilitat de la Web i els nostres sistemes d&#8217;informaci\u00f3 i que, per ra\u00f3 de l&#8217;exercici de la seva activitat, poden tenir acc\u00e9s a les dades personals dels Usuaris. \u00c9s el cas, per exemple, dels prove\u00efdors que ens ajuden a millorar i optimitzar marshallhealthy.com, els prove\u00efdors de serveis tecnol\u00f2gics o els prove\u00efdors que ens ofereixen serveis de manteniment de les nostres bases de dades i sistemes d&#8217;informaci\u00f3. En tot cas, aquests prove\u00efdors tenen la consideraci\u00f3 d&#8217;encarregats del tractament i Marshall\u00a0<\/span><span>Healthy<\/span><span>\u00a0<\/span><span>Solutions<\/span><span>\u00a0ha subscrit pr\u00e8viament amb tots ells els corresponents contractes d&#8217;enc\u00e0rrec de tractament que recullen les degudes garanties quant al tractament de les dades de car\u00e0cter personal dels Usuaris i la seva confidencialitat, integritat, disponibilitat i resili\u00e8ncia.<\/span><\/p>\n<p style=\"font-weight: 400;\"><span><\/span><\/p>\n<p style=\"font-weight: 400;\"><span><\/span><\/p>\n<ol start=\"7\">\n<li>REVOCAR EL SEU CONSENTIMENT PER A REBRE INFORMACI\u00d3<\/li>\n<\/ol>\n<p style=\"font-weight: 400;\">D&#8217;acord amb el que disposa la Llei 34\/2002,<span>\u00a0<\/span>d&#8217;11<span>\u00a0de juny, de Serveis de la Societat de la Informaci\u00f3 i del Comer\u00e7 Electr\u00f2nic, pot revocar el seu consentiment en qualsevol moment, sense efectes retroactius, per a l&#8217;\u00fas de la seva informaci\u00f3 per a finalitats publicit\u00e0ries, investigacions de mercat o desenvolupament d&#8217;enquestes de satisfacci\u00f3 en qualsevol moment.<\/span><\/p>\n<p style=\"font-weight: 400;\">Per fer-ho, ha d&#8217;enviar un correu electr\u00f2nic a la direcci\u00f3 info@marshallhealthy.com. Si ha rebut publicitat per correu electr\u00f2nic, tamb\u00e9 podr\u00e0 oposar-se des del mateix correu electr\u00f2nic des de l&#8217;enlla\u00e7 \u00ab<span>anular<\/span><span>\u00a0<\/span><span>suscripci\u00f3n<\/span>\u00ab. Aquest proc\u00e9s pot durar fins a 48 hores, entenent-se que durant aquest per\u00edode de temps pot<span>\u00a0<\/span>continuar<span>\u00a0rebent missatges.<\/span><\/p>\n<p style=\"font-weight: 400;\"><span><\/span><\/p>\n<p style=\"font-weight: 400;\"><span><\/span><\/p>\n<p style=\"font-weight: 400;\"><span><\/span><\/p>\n<ol start=\"8\">\n<li><span>PLUGINS<\/span><span>SOCIALS<\/span><\/li>\n<\/ol>\n<p style=\"font-weight: 400;\">A marshallhealthy.com li oferim enlla\u00e7os i serveis relacionats amb diferents xarxes socials. Si \u00e9s membre d&#8217;una xarxa social i fa clic sobre el corresponent enlla\u00e7, el prove\u00efdor de la xarxa social podr\u00e0 enlla\u00e7ar les seves dades de perfil amb la informaci\u00f3 de la seva visita a aquesta p\u00e0gina web. Pot consultar les pol\u00edtiques de privacitat d&#8217;aquestes xarxes socials en els seg\u00fcents enlla\u00e7os:<\/p>\n<ul>\n<li>Facebook: <a href=\"https:\/\/www.facebook.com\/help\/323540651073243\/\">https:\/\/www.facebook.com\/help\/323540651073243\/<\/a><\/li>\n<li>Instagram: <a href=\"https:\/\/help.instagram.com\/155833707900388\">https:\/\/help.instagram.com\/155833707900388<\/a><\/li>\n<\/ul>\n<p>&nbsp;<\/p>\n<ol start=\"9\">\n<li>ACCEPTACI\u00d3, CONSENTIMENT I REVOCABILITAT<\/li>\n<\/ol>\n<p style=\"font-weight: 400;\">L&#8217;Usuari declara haver estat informat sobre les condicions de protecci\u00f3 de dades de car\u00e0cter personal, acceptant i consentint el tractament d&#8217;aquests per part de Marshall<span>\u00a0<\/span><span>Healthy<\/span><span>\u00a0<\/span><span>Solutions<\/span><span>\u00a0en la forma i per a les finalitats indicades en l&#8217;av\u00eds legal. En qualsevol moment podr\u00e0 revocar les seves dades, per\u00f2 sempre sense car\u00e0cter retroactiu.<\/span><\/p>\n<p style=\"font-weight: 400;\"><span><\/span><\/p>\n<p style=\"font-weight: 400;\"><span><\/span><\/p>\n<ol start=\"10\">\n<li>VALIDESA I CANVIS<\/li>\n<\/ol>\n<p style=\"font-weight: 400;\">Aquesta pol\u00edtica de privacitat i de protecci\u00f3 de dades ha estat redactada per Marshall<span>\u00a0<\/span><span>Healthy<\/span><span>\u00a0<\/span><span>Solutions<\/span>, el dia 15 de febrer de 2023, i podr\u00e0 variar en funci\u00f3 dels canvis de normativa i jurisprud\u00e8ncia que es vagin produint, sent responsabilitat del titular de les dades la lectura del document actualitzat, per tal de con\u00e8ixer els seus drets i obligacions al respecte en cada moment.<\/p>\n<p>&nbsp;<\/p>\n<p>[\/et_pb_text][\/et_pb_column][\/et_pb_row][\/et_pb_section]<\/p>\n","protected":false},"excerpt":{"rendered":"<p>[et_pb_section fb_built=\u00bb1&#8243; _builder_version=\u00bb4.4.7&#8243;][et_pb_row _builder_version=\u00bb4.4.7&#8243; custom_padding=\u00bb79px|||||\u00bb][et_pb_column type=\u00bb4_4&#8243; _builder_version=\u00bb4.4.7&#8243;][et_pb_text _builder_version=\u00bb4.4.7&#8243; hover_enabled=\u00bb0&#8243;] POL\u00cdTICA DE PRIVACITAT [\/et_pb_text][et_pb_text _builder_version=\u00bb4.4.7&#8243; hover_enabled=\u00bb0&#8243;] RESPONSABLE I DADES DE CONTACTE D&#8217;acord amb el Reglament General (UE) sobre Protecci\u00f3 de Dades i la Llei Org\u00e0nica de Protecci\u00f3 de Dades i Garantia dels Drets Digitals actual, mitjan\u00e7ant l&#8217;acceptaci\u00f3 de la present Pol\u00edtica de Privacitat, se\u00a0l&#8217;informa\u00a0que: El responsable [&hellip;]<\/p>\n","protected":false},"author":1,"featured_media":0,"parent":0,"menu_order":0,"comment_status":"closed","ping_status":"closed","template":"","meta":{"_et_pb_use_builder":"on","_et_pb_old_content":"","_et_gb_content_width":"","footnotes":""},"class_list":["post-278","page","type-page","status-publish","hentry"],"yoast_head":"<!-- This site is optimized with the Yoast SEO plugin v27.5 - https:\/\/yoast.com\/product\/yoast-seo-wordpress\/ -->\n<title>Pol\u00edtica de privacidad - Marshall Healthy Solutions<\/title>\n<meta name=\"robots\" content=\"index, follow, max-snippet:-1, max-image-preview:large, max-video-preview:-1\" \/>\n<link rel=\"canonical\" href=\"https:\/\/marshallhealthy.com\/index.php\/politica-de-privacidad-2\/\" \/>\n<meta property=\"og:locale\" content=\"es_ES\" \/>\n<meta property=\"og:type\" content=\"article\" \/>\n<meta property=\"og:title\" content=\"Pol\u00edtica de privacidad - Marshall Healthy Solutions\" \/>\n<meta property=\"og:description\" content=\"[et_pb_section fb_built=\u00bb1&#8243; _builder_version=\u00bb4.4.7&#8243;][et_pb_row _builder_version=\u00bb4.4.7&#8243; custom_padding=\u00bb79px|||||\u00bb][et_pb_column type=\u00bb4_4&#8243; _builder_version=\u00bb4.4.7&#8243;][et_pb_text _builder_version=\u00bb4.4.7&#8243; hover_enabled=\u00bb0&#8243;] POL\u00cdTICA DE PRIVACITAT [\/et_pb_text][et_pb_text _builder_version=\u00bb4.4.7&#8243; hover_enabled=\u00bb0&#8243;] RESPONSABLE I DADES DE CONTACTE D&#8217;acord amb el Reglament General (UE) sobre Protecci\u00f3 de Dades i la Llei Org\u00e0nica de Protecci\u00f3 de Dades i Garantia dels Drets Digitals actual, mitjan\u00e7ant l&#8217;acceptaci\u00f3 de la present Pol\u00edtica de Privacitat, se\u00a0l&#8217;informa\u00a0que: El responsable [&hellip;]\" \/>\n<meta property=\"og:url\" content=\"https:\/\/marshallhealthy.com\/index.php\/politica-de-privacidad-2\/\" \/>\n<meta property=\"og:site_name\" content=\"Marshall Healthy Solutions\" \/>\n<meta property=\"article:modified_time\" content=\"2023-04-25T07:49:49+00:00\" \/>\n<meta name=\"twitter:card\" content=\"summary_large_image\" \/>\n<meta name=\"twitter:label1\" content=\"Tiempo de lectura\" \/>\n\t<meta name=\"twitter:data1\" content=\"9 minutos\" \/>\n<script type=\"application\/ld+json\" class=\"yoast-schema-graph\">{\"@context\":\"https:\\\/\\\/schema.org\",\"@graph\":[{\"@type\":\"WebPage\",\"@id\":\"https:\\\/\\\/marshallhealthy.com\\\/index.php\\\/politica-de-privacidad-2\\\/\",\"url\":\"https:\\\/\\\/marshallhealthy.com\\\/index.php\\\/politica-de-privacidad-2\\\/\",\"name\":\"Pol\u00edtica de privacidad - Marshall Healthy Solutions\",\"isPartOf\":{\"@id\":\"https:\\\/\\\/marshallhealthy.com\\\/#website\"},\"datePublished\":\"2023-04-12T11:34:49+00:00\",\"dateModified\":\"2023-04-25T07:49:49+00:00\",\"breadcrumb\":{\"@id\":\"https:\\\/\\\/marshallhealthy.com\\\/index.php\\\/politica-de-privacidad-2\\\/#breadcrumb\"},\"inLanguage\":\"es\",\"potentialAction\":[{\"@type\":\"ReadAction\",\"target\":[\"https:\\\/\\\/marshallhealthy.com\\\/index.php\\\/politica-de-privacidad-2\\\/\"]}]},{\"@type\":\"BreadcrumbList\",\"@id\":\"https:\\\/\\\/marshallhealthy.com\\\/index.php\\\/politica-de-privacidad-2\\\/#breadcrumb\",\"itemListElement\":[{\"@type\":\"ListItem\",\"position\":1,\"name\":\"Portada\",\"item\":\"https:\\\/\\\/marshallhealthy.com\\\/\"},{\"@type\":\"ListItem\",\"position\":2,\"name\":\"Pol\u00edtica de privacidad\"}]},{\"@type\":\"WebSite\",\"@id\":\"https:\\\/\\\/marshallhealthy.com\\\/#website\",\"url\":\"https:\\\/\\\/marshallhealthy.com\\\/\",\"name\":\"Marshall Healthy Solutions\",\"description\":\"Servicios a domicilio de fisioterapia, entrenamiento personal y masajes terap\u00e9uticos\",\"publisher\":{\"@id\":\"https:\\\/\\\/marshallhealthy.com\\\/#organization\"},\"potentialAction\":[{\"@type\":\"SearchAction\",\"target\":{\"@type\":\"EntryPoint\",\"urlTemplate\":\"https:\\\/\\\/marshallhealthy.com\\\/?s={search_term_string}\"},\"query-input\":{\"@type\":\"PropertyValueSpecification\",\"valueRequired\":true,\"valueName\":\"search_term_string\"}}],\"inLanguage\":\"es\"},{\"@type\":\"Organization\",\"@id\":\"https:\\\/\\\/marshallhealthy.com\\\/#organization\",\"name\":\"Marshall Healthy Solutions\",\"url\":\"https:\\\/\\\/marshallhealthy.com\\\/\",\"logo\":{\"@type\":\"ImageObject\",\"inLanguage\":\"es\",\"@id\":\"https:\\\/\\\/marshallhealthy.com\\\/#\\\/schema\\\/logo\\\/image\\\/\",\"url\":\"https:\\\/\\\/marshallhealthy.com\\\/wp-content\\\/uploads\\\/2023\\\/04\\\/778e163d-e48e-4408-bced-7c5c0b19ef48-2.jpg\",\"contentUrl\":\"https:\\\/\\\/marshallhealthy.com\\\/wp-content\\\/uploads\\\/2023\\\/04\\\/778e163d-e48e-4408-bced-7c5c0b19ef48-2.jpg\",\"width\":1024,\"height\":1011,\"caption\":\"Marshall Healthy Solutions\"},\"image\":{\"@id\":\"https:\\\/\\\/marshallhealthy.com\\\/#\\\/schema\\\/logo\\\/image\\\/\"}}]}<\/script>\n<!-- \/ Yoast SEO plugin. -->","yoast_head_json":{"title":"Pol\u00edtica de privacidad - Marshall Healthy Solutions","robots":{"index":"index","follow":"follow","max-snippet":"max-snippet:-1","max-image-preview":"max-image-preview:large","max-video-preview":"max-video-preview:-1"},"canonical":"https:\/\/marshallhealthy.com\/index.php\/politica-de-privacidad-2\/","og_locale":"es_ES","og_type":"article","og_title":"Pol\u00edtica de privacidad - Marshall Healthy Solutions","og_description":"[et_pb_section fb_built=\u00bb1&#8243; _builder_version=\u00bb4.4.7&#8243;][et_pb_row _builder_version=\u00bb4.4.7&#8243; custom_padding=\u00bb79px|||||\u00bb][et_pb_column type=\u00bb4_4&#8243; _builder_version=\u00bb4.4.7&#8243;][et_pb_text _builder_version=\u00bb4.4.7&#8243; hover_enabled=\u00bb0&#8243;] POL\u00cdTICA DE PRIVACITAT [\/et_pb_text][et_pb_text _builder_version=\u00bb4.4.7&#8243; hover_enabled=\u00bb0&#8243;] RESPONSABLE I DADES DE CONTACTE D&#8217;acord amb el Reglament General (UE) sobre Protecci\u00f3 de Dades i la Llei Org\u00e0nica de Protecci\u00f3 de Dades i Garantia dels Drets Digitals actual, mitjan\u00e7ant l&#8217;acceptaci\u00f3 de la present Pol\u00edtica de Privacitat, se\u00a0l&#8217;informa\u00a0que: El responsable [&hellip;]","og_url":"https:\/\/marshallhealthy.com\/index.php\/politica-de-privacidad-2\/","og_site_name":"Marshall Healthy Solutions","article_modified_time":"2023-04-25T07:49:49+00:00","twitter_card":"summary_large_image","twitter_misc":{"Tiempo de lectura":"9 minutos"},"schema":{"@context":"https:\/\/schema.org","@graph":[{"@type":"WebPage","@id":"https:\/\/marshallhealthy.com\/index.php\/politica-de-privacidad-2\/","url":"https:\/\/marshallhealthy.com\/index.php\/politica-de-privacidad-2\/","name":"Pol\u00edtica de privacidad - Marshall Healthy Solutions","isPartOf":{"@id":"https:\/\/marshallhealthy.com\/#website"},"datePublished":"2023-04-12T11:34:49+00:00","dateModified":"2023-04-25T07:49:49+00:00","breadcrumb":{"@id":"https:\/\/marshallhealthy.com\/index.php\/politica-de-privacidad-2\/#breadcrumb"},"inLanguage":"es","potentialAction":[{"@type":"ReadAction","target":["https:\/\/marshallhealthy.com\/index.php\/politica-de-privacidad-2\/"]}]},{"@type":"BreadcrumbList","@id":"https:\/\/marshallhealthy.com\/index.php\/politica-de-privacidad-2\/#breadcrumb","itemListElement":[{"@type":"ListItem","position":1,"name":"Portada","item":"https:\/\/marshallhealthy.com\/"},{"@type":"ListItem","position":2,"name":"Pol\u00edtica de privacidad"}]},{"@type":"WebSite","@id":"https:\/\/marshallhealthy.com\/#website","url":"https:\/\/marshallhealthy.com\/","name":"Marshall Healthy Solutions","description":"Servicios a domicilio de fisioterapia, entrenamiento personal y masajes terap\u00e9uticos","publisher":{"@id":"https:\/\/marshallhealthy.com\/#organization"},"potentialAction":[{"@type":"SearchAction","target":{"@type":"EntryPoint","urlTemplate":"https:\/\/marshallhealthy.com\/?s={search_term_string}"},"query-input":{"@type":"PropertyValueSpecification","valueRequired":true,"valueName":"search_term_string"}}],"inLanguage":"es"},{"@type":"Organization","@id":"https:\/\/marshallhealthy.com\/#organization","name":"Marshall Healthy Solutions","url":"https:\/\/marshallhealthy.com\/","logo":{"@type":"ImageObject","inLanguage":"es","@id":"https:\/\/marshallhealthy.com\/#\/schema\/logo\/image\/","url":"https:\/\/marshallhealthy.com\/wp-content\/uploads\/2023\/04\/778e163d-e48e-4408-bced-7c5c0b19ef48-2.jpg","contentUrl":"https:\/\/marshallhealthy.com\/wp-content\/uploads\/2023\/04\/778e163d-e48e-4408-bced-7c5c0b19ef48-2.jpg","width":1024,"height":1011,"caption":"Marshall Healthy Solutions"},"image":{"@id":"https:\/\/marshallhealthy.com\/#\/schema\/logo\/image\/"}}]}},"_links":{"self":[{"href":"https:\/\/marshallhealthy.com\/index.php\/wp-json\/wp\/v2\/pages\/278","targetHints":{"allow":["GET"]}}],"collection":[{"href":"https:\/\/marshallhealthy.com\/index.php\/wp-json\/wp\/v2\/pages"}],"about":[{"href":"https:\/\/marshallhealthy.com\/index.php\/wp-json\/wp\/v2\/types\/page"}],"author":[{"embeddable":true,"href":"https:\/\/marshallhealthy.com\/index.php\/wp-json\/wp\/v2\/users\/1"}],"replies":[{"embeddable":true,"href":"https:\/\/marshallhealthy.com\/index.php\/wp-json\/wp\/v2\/comments?post=278"}],"version-history":[{"count":9,"href":"https:\/\/marshallhealthy.com\/index.php\/wp-json\/wp\/v2\/pages\/278\/revisions"}],"predecessor-version":[{"id":394,"href":"https:\/\/marshallhealthy.com\/index.php\/wp-json\/wp\/v2\/pages\/278\/revisions\/394"}],"wp:attachment":[{"href":"https:\/\/marshallhealthy.com\/index.php\/wp-json\/wp\/v2\/media?parent=278"}],"curies":[{"name":"wp","href":"https:\/\/api.w.org\/{rel}","templated":true}]}}