{"id":280,"date":"2023-04-12T13:34:49","date_gmt":"2023-04-12T11:34:49","guid":{"rendered":"https:\/\/marshallhealthy.com\/?page_id=280"},"modified":"2023-04-25T09:51:23","modified_gmt":"2023-04-25T07:51:23","slug":"condiciones-generales","status":"publish","type":"page","link":"https:\/\/marshallhealthy.com\/index.php\/condiciones-generales\/","title":{"rendered":"Condiciones generales"},"content":{"rendered":"<p>[et_pb_section fb_built=\u00bb1&#8243; _builder_version=\u00bb4.4.7&#8243;][et_pb_row _builder_version=\u00bb4.4.7&#8243;][et_pb_column type=\u00bb4_4&#8243; _builder_version=\u00bb4.4.7&#8243;][et_pb_text _builder_version=\u00bb4.4.7&#8243; hover_enabled=\u00bb0&#8243;]<\/p>\n<h1><strong>CONDICIONS GENERALS<\/strong><\/h1>\n<p>[\/et_pb_text][et_pb_text _builder_version=\u00bb4.4.7&#8243;]<\/p>\n<ol>\n<li>APLICACI\u00d3 DE\u00a0<span><\/span>LES CONDICIONS<span>\u00a0<\/span><\/li>\n<\/ol>\n<p style=\"font-weight: 400;\">\n<p style=\"font-weight: 400;\">Generals exposades en aquest document regulen l&#8217;acc\u00e9s i la utilitzaci\u00f3 del lloc web marshallhealthy.com per part de l&#8217;usuari, aix\u00ed com tots els serveis prestats per Marshall<span>\u00a0<\/span><span>Healthy<\/span><span>\u00a0<\/span><span>Solutions<\/span>. Tota persona que accedeixi a aquest lloc web estar\u00e0 expressant la conformitat i acceptaci\u00f3 de les condicions generals exposades. Per tant, l&#8217;usuari haur\u00e0 de llegir aquests documents quan accedeixi al lloc web, no obstant aix\u00f2, per a realitzar qualsevol contractaci\u00f3, l&#8217;usuari haur\u00e0 d&#8217;acceptar les presents condicions generals expressant que les ha llegit i ent\u00e8s.<\/p>\n<p style=\"font-weight: 400;\">\n<p style=\"font-weight: 400;\">Marshall<span>\u00a0<\/span><span>Healthy<\/span><span>\u00a0<\/span><span>Solutions<\/span><span>\u00a0es reserva el dret a modificar les condicions generals, aix\u00ed com qualsevol dels textos legals que es troben en aquest lloc web, sense\u00a0<\/span><span>donar av\u00eds<\/span>. La modificaci\u00f3 d&#8217;aquestes condicions generals no<span>\u00a0<\/span><span>afectar\u00e0 als<\/span><span>\u00a0b\u00e9ns i promocions que haguessin estat adquirits pr\u00e8viament a aquesta modificaci\u00f3.<\/span><\/p>\n<p style=\"font-weight: 400;\">\n<ol start=\"2\">\n<li>INFORMACI\u00d3 GENERAL DEL RESPONSABLE<\/li>\n<\/ol>\n<p style=\"font-weight: 400;\">\n<p style=\"font-weight: 400;\">En compliment del que estableix l&#8217;article 10 de la Llei 34\/2002<span>\u00a0<\/span>d&#8217;11<span>\u00a0de juliol, de serveis de la societat de la informaci\u00f3 i de comer\u00e7 electr\u00f2nic, se l&#8217;informa que les dades sobre l&#8217;empresa propiet\u00e0ria d&#8217;aquest lloc web marshallhealthy.com s\u00f3n les seg\u00fcents:<\/span><\/p>\n<p style=\"font-weight: 400;\">\n<ul>\n<li style=\"font-weight: 400;\">Responsable: Marshall<span>\u00a0<\/span><span>Healthy<\/span><span>\u00a0<\/span><span>Solutions<\/span><\/li>\n<li style=\"font-weight: 400;\">CIF\/NIF: X<\/li>\n<li style=\"font-weight: 400;\">Domicili social: X<\/li>\n<li style=\"font-weight: 400;\">Tel\u00e8fon: 644678394<\/li>\n<li style=\"font-weight: 400;\">Correu electr\u00f2nic: <a href=\"mailto:Marshall.roig@gmail.com\">Marshall.roig@gmail.com<\/a><\/li>\n<li style=\"font-weight: 400;\">Registre: X<\/li>\n<\/ul>\n<p style=\"font-weight: 400;\">\n<ol start=\"3\">\n<li>SERVEIS OFERTS<\/li>\n<\/ol>\n<p style=\"font-weight: 400;\">\n<p style=\"font-weight: 400;\">Marshall<span>\u00a0<\/span><span>Healthy<\/span><span>\u00a0<\/span><span>Solutions<\/span><span>\u00a0ofereix la contractaci\u00f3 de serveis de fisioter\u00e0pia i entrenament personalitzat. Aquests serveis seran prestats per un professional titulat en fisioter\u00e0pia i activitats esportives.<\/span><\/p>\n<p style=\"font-weight: 400;\">\n<p style=\"font-weight: 400;\">Per poder realitzar aquests serveis es valoraran dades explorat\u00f2ries, s&#8217;elaborar\u00e0 un diagn\u00f2stic, es planificar\u00e0 i realitzar\u00e0 un tractament adequat, es redactar\u00e0 una hist\u00f2ria cl\u00ednica i es valorar\u00e0 el progr\u00e9s del pacient o client.<\/p>\n<p style=\"font-weight: 400;\">\n<p style=\"font-weight: 400;\">S&#8217;haur\u00e0 de mantenir una relaci\u00f3 de respecte mutu en tot moment entre clients i fisioterapeuta. Ambdues parts tindran la facultat per decidir si volen o no<span>\u00a0<\/span>dur a terme<span>\u00a0qualsevol servei.<\/span><\/p>\n<p style=\"font-weight: 400;\">\n<p style=\"font-weight: 400;\">Marshall<span>\u00a0<\/span><span>Healthy<\/span><span>\u00a0<\/span><span>Solutions<\/span><span>\u00a0podr\u00e0 oferir descomptes i promocions en alguns serveis. Aquests descomptes i promocions es podran retirar sense previ av\u00eds i sense\u00a0<\/span>afectar els<span>\u00a0clients que ja s&#8217;han beneficiat d&#8217;ells.<\/span><\/p>\n<p style=\"font-weight: 400;\">\n<ol start=\"4\">\n<li>UTILITZACI\u00d3 DEL LLOC WEB<\/li>\n<\/ol>\n<p style=\"font-weight: 400;\">\n<p style=\"font-weight: 400;\">L&#8217;usuari es compromet a utilitzar el lloc web marshallhealthy.com i tot el seu contingut conforme a les presents condicions generals. Aix\u00ed mateix, es compromet a fer un \u00fas adequat d&#8217;aquests i no emprar-los per a<span>\u00a0<\/span>executar<span>\u00a0qualsevol activitat il\u00b7l\u00edcita i constitutiva de delicte.<\/span><\/p>\n<p style=\"font-weight: 400;\">\n<p style=\"font-weight: 400;\">Marshall<span>\u00a0<\/span><span>Healthy<\/span><span>\u00a0<\/span><span>Solutions<\/span><span>\u00a0no es responsabilitza dels continguts i informaci\u00f3 que els usuaris introdueixen en la web o serveis oferts.<\/span><\/p>\n<p style=\"font-weight: 400;\">\n<ol start=\"5\">\n<li>REGISTRE<\/li>\n<\/ol>\n<p style=\"font-weight: 400;\">\n<p style=\"font-weight: 400;\">Per poder accedir i utilitzar els serveis oferts per Marshall<span>\u00a0<\/span><span>Healthy<\/span><span>\u00a0<\/span><span>Solutions<\/span>, els usuaris hauran de registrar-se a la p\u00e0gina web marshallhealthy.com. Per completar el registre, els usuaris hauran<span>\u00a0<\/span>d&#8217;omplir<span>\u00a0un formulari d&#8217;acc\u00e9s en el qual se&#8217;ls requeriran\u00a0<\/span>diverses dades<span>\u00a0de car\u00e0cter personal. Les dades introdu\u00efdes hauran de ser actuals i veraces. Totes les dades personals recollides durant el registre i posteriorment seran tractades segons s&#8217;explica a la Pol\u00edtica de Privacitat del lloc web marshallhealthy.com. Un cop completat el registre, Marshall\u00a0<\/span><span>Healthy<\/span><span>\u00a0<\/span><span>Solutions<\/span><span>\u00a0anotar\u00e0 i acumular\u00e0 els diferents moviments que realitzi l&#8217;usuari a la p\u00e0gina web marshallhealthy.com.<\/span><\/p>\n<p style=\"font-weight: 400;\">\n<ol start=\"6\">\n<li>UTILITZACI\u00d3 DEL SERVEI<\/li>\n<\/ol>\n<p style=\"font-weight: 400;\">\n<p style=\"font-weight: 400;\">Els serveis contractats mitjan\u00e7ant aquest lloc web seran<span>\u00a0<\/span>fets<span>\u00a0per professionals de Marshall\u00a0<\/span><span>Healthy<\/span><span>\u00a0<\/span><span>Solutions<\/span>. Els usuaris podran fer reserves dels serveis oferts, sempre subjectes a la disponibilitat de Marshall<span>\u00a0<\/span><span>Healthy<\/span><span>\u00a0<\/span><span>Solutions<\/span>. El temps de cada sessi\u00f3 ser\u00e0 establert entre el client i Marshall<span>\u00a0<\/span><span>Healthy<\/span><span>\u00a0<\/span><span>Solutions<\/span>, si hi hagu\u00e9s un retard per part de l&#8217;usuari o del professional aix\u00f2<span>\u00a0<\/span>\u00e9s<span>\u00a0X.<\/span><\/p>\n<p style=\"font-weight: 400;\">\n<ol start=\"7\">\n<li>CONDICIONS DE PAGAMENT<\/li>\n<\/ol>\n<p style=\"font-weight: 400;\">\n<p style=\"font-weight: 400;\">En contractar qualsevol dels serveis prestats, l&#8217;usuari accepta proporcionar la informaci\u00f3 completa, correcta i ver\u00eddica sobre el pagament. Els preus dels serveis i tractaments varien en funci\u00f3 del tipus i durada d&#8217;aquests.<\/p>\n<p style=\"font-weight: 400;\">\n<p style=\"font-weight: 400;\">Tots els serveis contractats s&#8217;abonaran mitjan\u00e7ant X.<\/p>\n<p style=\"font-weight: 400;\">\n<p style=\"font-weight: 400;\">En cas de no poder realitzar-se el servei per culpa de Marshall<span>\u00a0<\/span><span>Healthy<\/span><span>\u00a0<\/span><span>Solutions<\/span>, X.<\/p>\n<p style=\"font-weight: 400;\">\n<ol start=\"8\">\n<li>CANCEL\u00b7LACIONS I DEVOLUCIONS<\/li>\n<\/ol>\n<p style=\"font-weight: 400;\">\n<p style=\"font-weight: 400;\">L&#8217;usuari<span>\u00a0podr\u00e0 cancel\u00b7lar els serveis contractats en el lloc web marshallhealthy.com, mitjan\u00e7ant el correu electr\u00f2nic Marshall.roig@gmail.com o el tel\u00e8fon 644678394.<\/span><\/p>\n<p style=\"font-weight: 400;\">\n<p style=\"font-weight: 400;\">Si el fisioterapeuta ha de cancel\u00b7lar la cita X.<\/p>\n<p style=\"font-weight: 400;\">\n<ol start=\"9\">\n<li>POL\u00cdTICA DE<span><\/span><span>BONS<\/span><\/li>\n<\/ol>\n<p style=\"font-weight: 400;\">\n<p style=\"font-weight: 400;\"><span>Marshall<\/span><span>\u00a0<\/span><span>Healthy<\/span><span>\u00a0<\/span><span>Solutions<\/span><span>\u00a0pot oferir bons com a part d&#8217;una campanya de fidelitzaci\u00f3 de clients. Aquests bons ofereixen un descompte per a un nombre determinat de sessions contractades. Aquests bons podran ser aprofitats per l&#8217;usuari que els va adquirir o un familiar que resideixi en el mateix domicili.<\/span><\/p>\n<p style=\"font-weight: 400;\">\n<p style=\"font-weight: 400;\">La contractaci\u00f3 de qualsevol bon es<span>\u00a0<\/span><span>realitzar\u00e0<\/span><span>\u00a0mitjan\u00e7ant un pagament \u00fanic i acceptant les Condicions Generals i Pol\u00edtica de Privacitat. La contractaci\u00f3 de qualsevol bon no dona en cap cas dret a la devoluci\u00f3 de l&#8217;import ja abonat o la devoluci\u00f3 de la part proporcional de les sessions no completes en el cas de ren\u00fancia o caducitat.<\/span><\/p>\n<p style=\"font-weight: 400;\">\n<p style=\"font-weight: 400;\">En virtut de la Llei 3\/2014, de 27 de mar\u00e7, per la qual es modifica el text ref\u00f3s de la Llei General per a la Defensa dels consumidors i usuaris i altres lleis complement\u00e0ries, aprovat per Reial decret legislatiu 1\/2007, de 16 de novembre, el client podr\u00e0 desistir de la compra del bon en el termini de<span>\u00a0<\/span><span>14<\/span><span>\u00a0dies naturals sense necessitat d&#8217;indicar les causes. El termini per exercir el dret a desistiment comen\u00e7a despr\u00e9s de la signatura del bon. Per poder exercir el dret a desistiment haur\u00e0 d&#8217;efectuar-se abans de la primera sessi\u00f3, un cop realitzada ja no podr\u00e0 exercir-se. Per exercir el dret a desistiment haur\u00e0 de comunicar-ho a Marshall\u00a0<\/span><span>Healthy<\/span><span>\u00a0<\/span><span>Solutions<\/span><span>\u00a0per escrit al correu electr\u00f2nic Marshall.roig@gmail.com. Un cop feta la devoluci\u00f3, aquesta es\u00a0<\/span><span>realitzar\u00e0<\/span><span>\u00a0en un termini de\u00a0<\/span><span>14<\/span><span>\u00a0dies despr\u00e9s de la data en qu\u00e8 Marshall\u00a0<\/span><span>Healthy<\/span><span>\u00a0<\/span><span>Solutions<\/span><span>\u00a0ha estat informat del desistiment.<\/span><\/p>\n<p style=\"font-weight: 400;\">\n<p style=\"font-weight: 400;\">Els bons caducaran<span>\u00a0<\/span><span>12<\/span><span>\u00a0mesos despr\u00e9s de la seva contractaci\u00f3. En cas que es compleixi la data de caducitat, el client no tindr\u00e0 dret a reclamar cap import o indemnitzaci\u00f3 a Marshall\u00a0<\/span><span>Healthy<\/span><span>\u00a0<\/span><span>Solutions<\/span>.<\/p>\n<p style=\"font-weight: 400;\">\n<p style=\"font-weight: 400;\">Marshall<span>\u00a0<\/span><span>Healthy<\/span><span>\u00a0<\/span><span>Solutions<\/span><span>\u00a0es reserva el dret de suspendre el bon i els avantatges associats a aquest en cas d&#8217;ab\u00fas o conducta inadequada per part del client. Si es don\u00e9s el cas, el client no tindr\u00e0 dret a reclamar cap import o indemnitzaci\u00f3 a Marshall\u00a0<\/span><span>Healthy<\/span><span>\u00a0<\/span><span>Solutions<\/span>.<\/p>\n<p style=\"font-weight: 400;\">\n<p style=\"font-weight: 400;\">El client accepta sotmetre&#8217;s expressament als jutjats i tribunals de Barcelona i a la jurisdicci\u00f3 i lleis de l&#8217;estat espanyol, renunciant expressament a altres legislacions i f\u00f2rums que poguessin correspondre&#8217;ls, per a la resoluci\u00f3 de qualsevol discrep\u00e0ncia entre ambdues parts a la interpretaci\u00f3 de les presents condicions a la pol\u00edtica de bons.<\/p>\n<p style=\"font-weight: 400;\">\n<ol start=\"10\">\n<li>OBLIGACIONS I DRETS<\/li>\n<\/ol>\n<p style=\"font-weight: 400;\">\n<p style=\"font-weight: 400;\">Tots els usuaris es comprometen a fer el pagament pels serveis que contractin atenent a les condicions exposades en aquest document. Els usuaris podran accedir al seu compte mitjan\u00e7ant la seva identificaci\u00f3 pr\u00e8via i accedir i utilitzar tots els serveis que ofereix el lloc web marshallhealthy.com.<\/p>\n<p style=\"font-weight: 400;\">\n<p style=\"font-weight: 400;\">Els usuaris que contractin un servei a domicili es comprometen a oferir unes instal\u00b7lacions adequades per a realitzar el mateix i assegurar la salut i la seguretat dels empleats de Marshall<span>\u00a0<\/span><span>Healthy<\/span><span>\u00a0<\/span><span>Solutions<\/span>.<\/p>\n<p style=\"font-weight: 400;\">\n<p style=\"font-weight: 400;\">Marshall<span>\u00a0<\/span><span>Healthy<\/span><span>\u00a0<\/span><span>Solutions<\/span><span>\u00a0mantindr\u00e0 informat als clients sobre qualsevol modificaci\u00f3 que es produeixi amb relaci\u00f3 al servei que ofereix.<\/span><\/p>\n<p style=\"font-weight: 400;\">\n<p style=\"font-weight: 400;\">Marshall<span>\u00a0<\/span><span>Healthy<\/span><span>\u00a0<\/span><span>Solutions<\/span><span>\u00a0es reserva el dret de cancel\u00b7laci\u00f3 a\u00a0<\/span>determinats comptes<span>\u00a0si es detecta un mal \u00fas per part de l&#8217;usuari en q\u00fcesti\u00f3.<\/span><\/p>\n<p style=\"font-weight: 400;\">\n<ol start=\"11\">\n<li>PROPIETAT INTEL\u00b7LECTUAL<\/li>\n<\/ol>\n<p style=\"font-weight: 400;\">Tot el contingut del lloc web marshallhealthy.com \u00e9s propietat intel\u00b7lectual de Marshall<span>\u00a0<\/span><span>Healthy<\/span><span>\u00a0<\/span><span>Solutions<\/span><span>\u00a0o de tercers i tenen tots els drets reservats. No s\u00f3n cedits els drets d&#8217;explotaci\u00f3 als usuaris. Tot el contingut que els usuaris publiquin lliurement en el lloc web li atorga el seu \u00fas a Marshall\u00a0<\/span><span>Healthy<\/span><span>\u00a0<\/span><span>Solutions<\/span><span>\u00a0gratu\u00eftament i sense limitacions, d&#8217;aquesta manera Marshall\u00a0<\/span><span>Healthy<\/span><span>\u00a0<\/span><span>Solutions<\/span><span>\u00a0podr\u00e0 explotar els drets de reproducci\u00f3, transformaci\u00f3, distribuci\u00f3 i comunicaci\u00f3 p\u00fablica d&#8217;aquests continguts amb la finalitat de prestar els serveis sol\u00b7licitats per l&#8217;usuari.<\/span><\/p>\n<p style=\"font-weight: 400;\">\n<ol start=\"12\">\n<li>ACCEPTACI\u00d3 DE CL\u00c0USULES<\/li>\n<\/ol>\n<p style=\"font-weight: 400;\">\n<p style=\"font-weight: 400;\">Mitjan\u00e7ant el registre en el lloc web marshallhealthy.com l&#8217;usuari reconeix entendre i accepta les cl\u00e0usules presents en aquest, Condicions Generals i Pol\u00edtica de Privacitat.<\/p>\n<p style=\"font-weight: 400;\">\n<ol start=\"13\">\n<li>LEGISLACI\u00d3 APLICABLE<\/li>\n<\/ol>\n<p style=\"font-weight: 400;\">\n<p><span style=\"font-weight: 400;\">El client accepta sotmetre&#8217;s expressament als jutjats i tribunals de Barcelona i a la jurisdicci\u00f3 i lleis de l&#8217;estat espanyol, renunciant expressament a altres legislacions i furons que poguessin correspondre&#8217;ls, per a la resoluci\u00f3 de qualsevol discrep\u00e0ncia entre ambdues parts a la interpretaci\u00f3 de les presents condicions a la pol\u00edtica de bons.<\/span><\/p>\n<p>[\/et_pb_text][\/et_pb_column][\/et_pb_row][\/et_pb_section]<\/p>\n","protected":false},"excerpt":{"rendered":"<p>[et_pb_section fb_built=\u00bb1&#8243; _builder_version=\u00bb4.4.7&#8243;][et_pb_row _builder_version=\u00bb4.4.7&#8243;][et_pb_column type=\u00bb4_4&#8243; _builder_version=\u00bb4.4.7&#8243;][et_pb_text _builder_version=\u00bb4.4.7&#8243; hover_enabled=\u00bb0&#8243;] CONDICIONS GENERALS [\/et_pb_text][et_pb_text _builder_version=\u00bb4.4.7&#8243;] APLICACI\u00d3 DE\u00a0LES CONDICIONS\u00a0 Generals exposades en aquest document regulen l&#8217;acc\u00e9s i la utilitzaci\u00f3 del lloc web marshallhealthy.com per part de l&#8217;usuari, aix\u00ed com tots els serveis prestats per Marshall\u00a0Healthy\u00a0Solutions. Tota persona que accedeixi a aquest lloc web estar\u00e0 expressant la conformitat i acceptaci\u00f3 [&hellip;]<\/p>\n","protected":false},"author":1,"featured_media":0,"parent":0,"menu_order":0,"comment_status":"closed","ping_status":"closed","template":"","meta":{"_et_pb_use_builder":"on","_et_pb_old_content":"","_et_gb_content_width":"","footnotes":""},"class_list":["post-280","page","type-page","status-publish","hentry"],"yoast_head":"<!-- This site is optimized with the Yoast SEO plugin v27.5 - https:\/\/yoast.com\/product\/yoast-seo-wordpress\/ -->\n<title>Condiciones generales - Marshall Healthy Solutions<\/title>\n<meta name=\"robots\" content=\"index, follow, max-snippet:-1, max-image-preview:large, max-video-preview:-1\" \/>\n<link rel=\"canonical\" href=\"https:\/\/marshallhealthy.com\/index.php\/condiciones-generales\/\" \/>\n<meta property=\"og:locale\" content=\"es_ES\" \/>\n<meta property=\"og:type\" content=\"article\" \/>\n<meta property=\"og:title\" content=\"Condiciones generales - Marshall Healthy Solutions\" \/>\n<meta property=\"og:description\" content=\"[et_pb_section fb_built=\u00bb1&#8243; _builder_version=\u00bb4.4.7&#8243;][et_pb_row _builder_version=\u00bb4.4.7&#8243;][et_pb_column type=\u00bb4_4&#8243; _builder_version=\u00bb4.4.7&#8243;][et_pb_text _builder_version=\u00bb4.4.7&#8243; hover_enabled=\u00bb0&#8243;] CONDICIONS GENERALS [\/et_pb_text][et_pb_text _builder_version=\u00bb4.4.7&#8243;] APLICACI\u00d3 DE\u00a0LES CONDICIONS\u00a0 Generals exposades en aquest document regulen l&#8217;acc\u00e9s i la utilitzaci\u00f3 del lloc web marshallhealthy.com per part de l&#8217;usuari, aix\u00ed com tots els serveis prestats per Marshall\u00a0Healthy\u00a0Solutions. Tota persona que accedeixi a aquest lloc web estar\u00e0 expressant la conformitat i acceptaci\u00f3 [&hellip;]\" \/>\n<meta property=\"og:url\" content=\"https:\/\/marshallhealthy.com\/index.php\/condiciones-generales\/\" \/>\n<meta property=\"og:site_name\" content=\"Marshall Healthy Solutions\" \/>\n<meta property=\"article:modified_time\" content=\"2023-04-25T07:51:23+00:00\" \/>\n<meta name=\"twitter:card\" content=\"summary_large_image\" \/>\n<meta name=\"twitter:label1\" content=\"Tiempo de lectura\" \/>\n\t<meta name=\"twitter:data1\" content=\"7 minutos\" \/>\n<script type=\"application\/ld+json\" class=\"yoast-schema-graph\">{\"@context\":\"https:\\\/\\\/schema.org\",\"@graph\":[{\"@type\":\"WebPage\",\"@id\":\"https:\\\/\\\/marshallhealthy.com\\\/index.php\\\/condiciones-generales\\\/\",\"url\":\"https:\\\/\\\/marshallhealthy.com\\\/index.php\\\/condiciones-generales\\\/\",\"name\":\"Condiciones generales - Marshall Healthy Solutions\",\"isPartOf\":{\"@id\":\"https:\\\/\\\/marshallhealthy.com\\\/#website\"},\"datePublished\":\"2023-04-12T11:34:49+00:00\",\"dateModified\":\"2023-04-25T07:51:23+00:00\",\"breadcrumb\":{\"@id\":\"https:\\\/\\\/marshallhealthy.com\\\/index.php\\\/condiciones-generales\\\/#breadcrumb\"},\"inLanguage\":\"es\",\"potentialAction\":[{\"@type\":\"ReadAction\",\"target\":[\"https:\\\/\\\/marshallhealthy.com\\\/index.php\\\/condiciones-generales\\\/\"]}]},{\"@type\":\"BreadcrumbList\",\"@id\":\"https:\\\/\\\/marshallhealthy.com\\\/index.php\\\/condiciones-generales\\\/#breadcrumb\",\"itemListElement\":[{\"@type\":\"ListItem\",\"position\":1,\"name\":\"Portada\",\"item\":\"https:\\\/\\\/marshallhealthy.com\\\/\"},{\"@type\":\"ListItem\",\"position\":2,\"name\":\"Condiciones generales\"}]},{\"@type\":\"WebSite\",\"@id\":\"https:\\\/\\\/marshallhealthy.com\\\/#website\",\"url\":\"https:\\\/\\\/marshallhealthy.com\\\/\",\"name\":\"Marshall Healthy Solutions\",\"description\":\"Servicios a domicilio de fisioterapia, entrenamiento personal y masajes terap\u00e9uticos\",\"publisher\":{\"@id\":\"https:\\\/\\\/marshallhealthy.com\\\/#organization\"},\"potentialAction\":[{\"@type\":\"SearchAction\",\"target\":{\"@type\":\"EntryPoint\",\"urlTemplate\":\"https:\\\/\\\/marshallhealthy.com\\\/?s={search_term_string}\"},\"query-input\":{\"@type\":\"PropertyValueSpecification\",\"valueRequired\":true,\"valueName\":\"search_term_string\"}}],\"inLanguage\":\"es\"},{\"@type\":\"Organization\",\"@id\":\"https:\\\/\\\/marshallhealthy.com\\\/#organization\",\"name\":\"Marshall Healthy Solutions\",\"url\":\"https:\\\/\\\/marshallhealthy.com\\\/\",\"logo\":{\"@type\":\"ImageObject\",\"inLanguage\":\"es\",\"@id\":\"https:\\\/\\\/marshallhealthy.com\\\/#\\\/schema\\\/logo\\\/image\\\/\",\"url\":\"https:\\\/\\\/marshallhealthy.com\\\/wp-content\\\/uploads\\\/2023\\\/04\\\/778e163d-e48e-4408-bced-7c5c0b19ef48-2.jpg\",\"contentUrl\":\"https:\\\/\\\/marshallhealthy.com\\\/wp-content\\\/uploads\\\/2023\\\/04\\\/778e163d-e48e-4408-bced-7c5c0b19ef48-2.jpg\",\"width\":1024,\"height\":1011,\"caption\":\"Marshall Healthy Solutions\"},\"image\":{\"@id\":\"https:\\\/\\\/marshallhealthy.com\\\/#\\\/schema\\\/logo\\\/image\\\/\"}}]}<\/script>\n<!-- \/ Yoast SEO plugin. -->","yoast_head_json":{"title":"Condiciones generales - Marshall Healthy Solutions","robots":{"index":"index","follow":"follow","max-snippet":"max-snippet:-1","max-image-preview":"max-image-preview:large","max-video-preview":"max-video-preview:-1"},"canonical":"https:\/\/marshallhealthy.com\/index.php\/condiciones-generales\/","og_locale":"es_ES","og_type":"article","og_title":"Condiciones generales - Marshall Healthy Solutions","og_description":"[et_pb_section fb_built=\u00bb1&#8243; _builder_version=\u00bb4.4.7&#8243;][et_pb_row _builder_version=\u00bb4.4.7&#8243;][et_pb_column type=\u00bb4_4&#8243; _builder_version=\u00bb4.4.7&#8243;][et_pb_text _builder_version=\u00bb4.4.7&#8243; hover_enabled=\u00bb0&#8243;] CONDICIONS GENERALS [\/et_pb_text][et_pb_text _builder_version=\u00bb4.4.7&#8243;] APLICACI\u00d3 DE\u00a0LES CONDICIONS\u00a0 Generals exposades en aquest document regulen l&#8217;acc\u00e9s i la utilitzaci\u00f3 del lloc web marshallhealthy.com per part de l&#8217;usuari, aix\u00ed com tots els serveis prestats per Marshall\u00a0Healthy\u00a0Solutions. Tota persona que accedeixi a aquest lloc web estar\u00e0 expressant la conformitat i acceptaci\u00f3 [&hellip;]","og_url":"https:\/\/marshallhealthy.com\/index.php\/condiciones-generales\/","og_site_name":"Marshall Healthy Solutions","article_modified_time":"2023-04-25T07:51:23+00:00","twitter_card":"summary_large_image","twitter_misc":{"Tiempo de lectura":"7 minutos"},"schema":{"@context":"https:\/\/schema.org","@graph":[{"@type":"WebPage","@id":"https:\/\/marshallhealthy.com\/index.php\/condiciones-generales\/","url":"https:\/\/marshallhealthy.com\/index.php\/condiciones-generales\/","name":"Condiciones generales - Marshall Healthy Solutions","isPartOf":{"@id":"https:\/\/marshallhealthy.com\/#website"},"datePublished":"2023-04-12T11:34:49+00:00","dateModified":"2023-04-25T07:51:23+00:00","breadcrumb":{"@id":"https:\/\/marshallhealthy.com\/index.php\/condiciones-generales\/#breadcrumb"},"inLanguage":"es","potentialAction":[{"@type":"ReadAction","target":["https:\/\/marshallhealthy.com\/index.php\/condiciones-generales\/"]}]},{"@type":"BreadcrumbList","@id":"https:\/\/marshallhealthy.com\/index.php\/condiciones-generales\/#breadcrumb","itemListElement":[{"@type":"ListItem","position":1,"name":"Portada","item":"https:\/\/marshallhealthy.com\/"},{"@type":"ListItem","position":2,"name":"Condiciones generales"}]},{"@type":"WebSite","@id":"https:\/\/marshallhealthy.com\/#website","url":"https:\/\/marshallhealthy.com\/","name":"Marshall Healthy Solutions","description":"Servicios a domicilio de fisioterapia, entrenamiento personal y masajes terap\u00e9uticos","publisher":{"@id":"https:\/\/marshallhealthy.com\/#organization"},"potentialAction":[{"@type":"SearchAction","target":{"@type":"EntryPoint","urlTemplate":"https:\/\/marshallhealthy.com\/?s={search_term_string}"},"query-input":{"@type":"PropertyValueSpecification","valueRequired":true,"valueName":"search_term_string"}}],"inLanguage":"es"},{"@type":"Organization","@id":"https:\/\/marshallhealthy.com\/#organization","name":"Marshall Healthy Solutions","url":"https:\/\/marshallhealthy.com\/","logo":{"@type":"ImageObject","inLanguage":"es","@id":"https:\/\/marshallhealthy.com\/#\/schema\/logo\/image\/","url":"https:\/\/marshallhealthy.com\/wp-content\/uploads\/2023\/04\/778e163d-e48e-4408-bced-7c5c0b19ef48-2.jpg","contentUrl":"https:\/\/marshallhealthy.com\/wp-content\/uploads\/2023\/04\/778e163d-e48e-4408-bced-7c5c0b19ef48-2.jpg","width":1024,"height":1011,"caption":"Marshall Healthy Solutions"},"image":{"@id":"https:\/\/marshallhealthy.com\/#\/schema\/logo\/image\/"}}]}},"_links":{"self":[{"href":"https:\/\/marshallhealthy.com\/index.php\/wp-json\/wp\/v2\/pages\/280","targetHints":{"allow":["GET"]}}],"collection":[{"href":"https:\/\/marshallhealthy.com\/index.php\/wp-json\/wp\/v2\/pages"}],"about":[{"href":"https:\/\/marshallhealthy.com\/index.php\/wp-json\/wp\/v2\/types\/page"}],"author":[{"embeddable":true,"href":"https:\/\/marshallhealthy.com\/index.php\/wp-json\/wp\/v2\/users\/1"}],"replies":[{"embeddable":true,"href":"https:\/\/marshallhealthy.com\/index.php\/wp-json\/wp\/v2\/comments?post=280"}],"version-history":[{"count":10,"href":"https:\/\/marshallhealthy.com\/index.php\/wp-json\/wp\/v2\/pages\/280\/revisions"}],"predecessor-version":[{"id":397,"href":"https:\/\/marshallhealthy.com\/index.php\/wp-json\/wp\/v2\/pages\/280\/revisions\/397"}],"wp:attachment":[{"href":"https:\/\/marshallhealthy.com\/index.php\/wp-json\/wp\/v2\/media?parent=280"}],"curies":[{"name":"wp","href":"https:\/\/api.w.org\/{rel}","templated":true}]}}